{"id":5,"date":"2017-04-09T15:08:28","date_gmt":"2017-04-09T13:08:28","guid":{"rendered":"http:\/\/muzeumintermedii.sk\/?page_id=5"},"modified":"2022-01-29T13:55:46","modified_gmt":"2022-01-29T12:55:46","slug":"kontakt","status":"publish","type":"page","link":"https:\/\/muzeumintermedii.sk\/en\/kontakt\/","title":{"rendered":"Contact"},"content":{"rendered":"<p><strong>Address:<\/strong><br \/>\nMuseum of Art \u017dilina<br \/>\n\u0160tef\u00e1nikova 2, 010 01 \u017dilina, Slovakia<\/p>\n<p><strong>Phone:<br \/>\n<\/strong>+421 41 5622 522<br \/>\n+421 41 5622 415<br \/>\n+421\u00a0904\u00a0926\u00a0949<\/p>\n<p><strong>e-mail:<\/strong> <a href=\"mailto:pgu@post.sk\">pgu@post.sk<\/a>, <a href=\"mailto:pgu@vuczilina.sk\">pgu@vuczilina.sk<\/a><a href=\"mailto:kuratorpgu@vuczilina.sk\"><br \/>\n<\/a><strong>web:<\/strong> <a href=\"http:\/\/www.muzeumintermedii.sk\">www.muzeumintermedii.sk<\/a>,\u00a0<a href=\"http:\/\/www.pgu.sk\" target=\"_blank\" rel=\"noopener noreferrer\">www.pgu.sk<\/a><\/p>\n<p><a href=\"https:\/\/www.facebook.com\/Pova%C5%BEsk%C3%A1-gal%C3%A9ria-umenia-v-%C5%BDiline-645356448927456\/\" target=\"_blank\" rel=\"noopener noreferrer\"><img loading=\"lazy\" decoding=\"async\" class=\"alignnone\" src=\"http:\/\/muzeumintermedii.sk\/wp-content\/uploads\/2017\/04\/facebook.png\" alt=\"\" width=\"200\" height=\"58\" \/><\/a><\/p>\n<p><strong>Opening hours:<br \/>\nMonday<\/strong>:\u00a0Closed<br \/>\n<strong>Tuesday-Saturday<\/strong>: 10:00 &#8211; 12:00, 12:30 &#8211; 18:00<br \/>\n<strong>Sunday<\/strong>: Closed<\/p>\n<p>During the Admission Days is The First Museum of Intermedia closed.<\/p>","protected":false},"excerpt":{"rendered":"<p>Address: Museum of Art \u017dilina \u0160tef\u00e1nikova 2, 010 01 \u017dilina, Slovakia Phone: +421 41 5622 522 +421 41 5622 415 +421\u00a0904\u00a0926\u00a0949 e-mail: pgu@post.sk, pgu@vuczilina.sk web: www.muzeumintermedii.sk,\u00a0www.pgu.sk Opening hours: Monday:\u00a0Closed Tuesday-Saturday:&#8230; <span class=\"more-link\"><a href=\"https:\/\/muzeumintermedii.sk\/en\/kontakt\/\">\u010c\u00edta\u0165 viac<\/a><\/span><\/p>\n","protected":false},"author":1,"featured_media":0,"parent":0,"menu_order":0,"comment_status":"closed","ping_status":"closed","template":"","meta":{"footnotes":""},"class_list":["post-5","page","type-page","status-publish","hentry"],"_links":{"self":[{"href":"https:\/\/muzeumintermedii.sk\/en\/wp-json\/wp\/v2\/pages\/5","targetHints":{"allow":["GET"]}}],"collection":[{"href":"https:\/\/muzeumintermedii.sk\/en\/wp-json\/wp\/v2\/pages"}],"about":[{"href":"https:\/\/muzeumintermedii.sk\/en\/wp-json\/wp\/v2\/types\/page"}],"author":[{"embeddable":true,"href":"https:\/\/muzeumintermedii.sk\/en\/wp-json\/wp\/v2\/users\/1"}],"replies":[{"embeddable":true,"href":"https:\/\/muzeumintermedii.sk\/en\/wp-json\/wp\/v2\/comments?post=5"}],"version-history":[{"count":10,"href":"https:\/\/muzeumintermedii.sk\/en\/wp-json\/wp\/v2\/pages\/5\/revisions"}],"predecessor-version":[{"id":748,"href":"https:\/\/muzeumintermedii.sk\/en\/wp-json\/wp\/v2\/pages\/5\/revisions\/748"}],"wp:attachment":[{"href":"https:\/\/muzeumintermedii.sk\/en\/wp-json\/wp\/v2\/media?parent=5"}],"curies":[{"name":"wp","href":"https:\/\/api.w.org\/{rel}","templated":true}]}}