{"id":13,"date":"2017-04-09T15:12:34","date_gmt":"2017-04-09T13:12:34","guid":{"rendered":"http:\/\/muzeumintermedii.sk\/?page_id=13"},"modified":"2022-03-23T14:48:33","modified_gmt":"2022-03-23T13:48:33","slug":"prve-muzeum-intermedii-i","status":"publish","type":"page","link":"https:\/\/muzeumintermedii.sk\/en\/prve-muzeum-intermedii-i\/","title":{"rendered":"The First Museum of Intermedia I"},"content":{"rendered":"<p><\/p>\n<p style=\"text-align: justify;\"><strong>The First Museum of Intermedia I (2012 \u2013 2017)<\/strong><br \/>\nVersions of neo-conceptual art, gender, and corporality<\/p>\n<p style=\"text-align: justify;\"><strong>Authors of works:<\/strong><br \/>\nSimona Bub\u00e1nov\u00e1<br \/>\nPavl\u00edna Fichta \u010cierna<br \/>\nDenisa Lehock\u00e1<br \/>\nKarol Pichler<br \/>\nBoris Ondrei\u010dka<br \/>\nLaco Teren<br \/>\nJozef \u0160ramka<br \/>\nJana \u017delibsk\u00e1<\/p>\n<p style=\"text-align: justify;\"><strong>Exhibition concept and curator<\/strong><br \/>\nMira Sikorov\u00e1-Puti\u0161ov\u00e1<\/p>\n<p style=\"text-align: justify;\">The selection of works in the first (pilot) phase of The First Museum of Intermedia presents the typical elements of art with a core in the ninethies, their connection with the culminating eighties, as well as their continuity in the new millennium. The exposition was an &#8220;initiation&#8221; into intermedia art, highlighting the onset of media art (especially videoart) during the period.<div class=\"shc_mybox\"><p><\/p>\n<p style=\"text-align: justify;\">In the nineties, the language of postmodern art manifests through the disappearance of borders between elite and mass culture, as well as through syncretic style. The presented works of Boris Ondrei\u010dka provide a typical example of these tendencies. The objects created by Laco Teren reflect one of the typically neo-conceptualist themes present in the nineties \u2013 the ambiguous attitude towards the world of consumer goods, but the use of an archetype (egg as a symbol of birth) is rooted in his earlier neo-expressionist paintings. Simona Bub\u00e1nov\u00e1 also utilized the iconographic elements of neo-expressionism, but the rendition of her object is closer to the forms of intermedia present in the nineties. The wall installation by Karol Pichler is a certain counterpart to these works, representing neo-conceptual art that stems from philosophical, religious or mystical teachings, upon which the author draws up a visual language based on cyphers and codes.<br \/>\nAnother line of the exhibition presents artworks created by female authors dealing with post-feminism and gender issues. They serve as revisions of radical feminism, despite the fact that it had no significant representation in our country (due to the artistic practice before 1989). These works are characterized by efforts to define a more structured identity of woman and gender. In addition to mapping privacy, the postfeminist themes deal with body image and distortion of sexuality taboo, usually taking on different forms of media art. Jana \u017delibsk\u00e1 started working with them in the nineties; her video installation based on shape and sound allusions reflects an attribute of femininity (breasts). The performance by Pavl\u00edna Fichta \u010cierna derives from a similar platform, providing an introspective reference of her corporality. Denisa Lehock\u00e1\u00b4s installation, grasping the intimacy of a couple as its dominant element, lets us peek into the author\u00b4s privacy. The work of Jozef \u0160ramka serves as a counterpart providing a male perspective on the issues established by the three female artworks.<br \/>\nThe secondary (albeit umbrella) theme of the exhibition is the emphasis on corporality as one of the themes of art after 1989. In addition to its interpretation along the lines of gender issues (Jana \u017delibsk\u00e1, Pavl\u00edna Fichta \u010cierna, Denisa Lehock\u00e1), it is also articulated by more vigorous expressive forms or with varying degrees of applying the language of metaphor or symbolic expression (Simona Bub\u00e1nov\u00e1 Laco Teren, Boris Ondrei\u010dka, Karol Pichler, Jozef \u0160ramka).<\/p>\n<p><\/p><input class=\"shc_Ok\" name=\"shc_Ok\" type=\"button\" value=\"Readmore...\"\/><\/div><\/p>\n<hr \/>\n<h2>Exhibition<\/h2>\n<p><div class=\"pt-cv-wrapper\"><div class=\"pt-cv-view pt-cv-grid pt-cv-colsys\" id=\"pt-cv-view-911b2f03tu\"><div data-id=\"pt-cv-page-1\" class=\"pt-cv-page\" data-cvc=\"3\"><div class=\"col-md-4 col-sm-6 col-xs-12 pt-cv-content-item pt-cv-1-col\" ><div class='pt-cv-ifield'><a href=\"https:\/\/muzeumintermedii.sk\/en\/peep-show-1989\/\" class=\"_self pt-cv-href-thumbnail pt-cv-thumb-default\" target=\"_self\" ><img loading=\"lazy\" decoding=\"async\" width=\"300\" height=\"200\" src=\"https:\/\/muzeumintermedii.sk\/wp-content\/uploads\/2017\/05\/SimonaBubanova1-300x200.jpg\" class=\"pt-cv-thumbnail\" alt=\"\" srcset=\"https:\/\/muzeumintermedii.sk\/wp-content\/uploads\/2017\/05\/SimonaBubanova1-300x200.jpg 300w, https:\/\/muzeumintermedii.sk\/wp-content\/uploads\/2017\/05\/SimonaBubanova1-768x512.jpg 768w, https:\/\/muzeumintermedii.sk\/wp-content\/uploads\/2017\/05\/SimonaBubanova1.jpg 1920w\" sizes=\"auto, (max-width: 300px) 100vw, 300px\" \/><\/a>\n<h4 class=\"pt-cv-title\"><a href=\"https:\/\/muzeumintermedii.sk\/en\/peep-show-1989\/\" class=\"_self\" target=\"_self\" >Simona Bub\u00e1nov\u00e1 &#8211; Peep Show, 1989<\/a><\/h4><\/div><\/div>\n<div class=\"col-md-4 col-sm-6 col-xs-12 pt-cv-content-item pt-cv-1-col\" ><div class='pt-cv-ifield'><a href=\"https:\/\/muzeumintermedii.sk\/en\/aranzma-2001\/\" class=\"_self pt-cv-href-thumbnail pt-cv-thumb-default\" target=\"_self\" ><img loading=\"lazy\" decoding=\"async\" width=\"300\" height=\"200\" src=\"https:\/\/muzeumintermedii.sk\/wp-content\/uploads\/2017\/05\/Still0042-300x200.jpg\" class=\"pt-cv-thumbnail\" alt=\"\" \/><\/a>\n<h4 class=\"pt-cv-title\"><a href=\"https:\/\/muzeumintermedii.sk\/en\/aranzma-2001\/\" class=\"_self\" target=\"_self\" >Pavl\u00edna Fichta \u010cierna &#8211; Arrangement, 2001<\/a><\/h4><\/div><\/div>\n<div class=\"col-md-4 col-sm-6 col-xs-12 pt-cv-content-item pt-cv-1-col\" ><div class='pt-cv-ifield'><a href=\"https:\/\/muzeumintermedii.sk\/en\/bez-nazvu-1996\/\" class=\"_self pt-cv-href-thumbnail pt-cv-thumb-default\" target=\"_self\" ><img loading=\"lazy\" decoding=\"async\" width=\"300\" height=\"200\" src=\"https:\/\/muzeumintermedii.sk\/wp-content\/uploads\/2017\/05\/DSC_0073-300x200.jpg\" class=\"pt-cv-thumbnail\" alt=\"\" srcset=\"https:\/\/muzeumintermedii.sk\/wp-content\/uploads\/2017\/05\/DSC_0073-300x200.jpg 300w, https:\/\/muzeumintermedii.sk\/wp-content\/uploads\/2017\/05\/DSC_0073-768x512.jpg 768w, https:\/\/muzeumintermedii.sk\/wp-content\/uploads\/2017\/05\/DSC_0073.jpg 1920w\" sizes=\"auto, (max-width: 300px) 100vw, 300px\" \/><\/a>\n<h4 class=\"pt-cv-title\"><a href=\"https:\/\/muzeumintermedii.sk\/en\/bez-nazvu-1996\/\" class=\"_self\" target=\"_self\" >Denisa Lehock\u00e1 &#8211; Untitled, 1996<\/a><\/h4><\/div><\/div>\n<div class=\"col-md-4 col-sm-6 col-xs-12 pt-cv-content-item pt-cv-1-col\" ><div class='pt-cv-ifield'><a href=\"https:\/\/muzeumintermedii.sk\/en\/putrefakcia-a-rosa-1993\/\" class=\"_self pt-cv-href-thumbnail pt-cv-thumb-default\" target=\"_self\" ><img loading=\"lazy\" decoding=\"async\" width=\"300\" height=\"200\" src=\"https:\/\/muzeumintermedii.sk\/wp-content\/uploads\/2017\/05\/Ondreicka1-300x200.jpg\" class=\"pt-cv-thumbnail\" alt=\"\" \/><\/a>\n<h4 class=\"pt-cv-title\"><a href=\"https:\/\/muzeumintermedii.sk\/en\/putrefakcia-a-rosa-1993\/\" class=\"_self\" target=\"_self\" >Boris Ondrei\u010dka &#8211; Putrefaction and Dew<\/a><\/h4><\/div><\/div>\n<div class=\"col-md-4 col-sm-6 col-xs-12 pt-cv-content-item pt-cv-1-col\" ><div class='pt-cv-ifield'><a href=\"https:\/\/muzeumintermedii.sk\/en\/caelum-1992\/\" class=\"_self pt-cv-href-thumbnail pt-cv-thumb-default\" target=\"_self\" ><img loading=\"lazy\" decoding=\"async\" width=\"300\" height=\"200\" src=\"https:\/\/muzeumintermedii.sk\/wp-content\/uploads\/2017\/05\/Pichler_detail-300x200.jpg\" class=\"pt-cv-thumbnail\" alt=\"\" \/><\/a>\n<h4 class=\"pt-cv-title\"><a href=\"https:\/\/muzeumintermedii.sk\/en\/caelum-1992\/\" class=\"_self\" target=\"_self\" >Karol Pichler &#8211; Caelum, 1992<\/a><\/h4><\/div><\/div>\n<div class=\"col-md-4 col-sm-6 col-xs-12 pt-cv-content-item pt-cv-1-col\" ><div class='pt-cv-ifield'><a href=\"https:\/\/muzeumintermedii.sk\/en\/kresby-do-spalne-i-1989\/\" class=\"_self pt-cv-href-thumbnail pt-cv-thumb-default\" target=\"_self\" ><img loading=\"lazy\" decoding=\"async\" width=\"300\" height=\"200\" src=\"https:\/\/muzeumintermedii.sk\/wp-content\/uploads\/2017\/05\/sramka-300x200.jpg\" class=\"pt-cv-thumbnail\" alt=\"\" \/><\/a>\n<h4 class=\"pt-cv-title\"><a href=\"https:\/\/muzeumintermedii.sk\/en\/kresby-do-spalne-i-1989\/\" class=\"_self\" target=\"_self\" >Jozef \u0160ramka &#8211; Bedroom Drawings I, 1989<\/a><\/h4><\/div><\/div>\n<div class=\"col-md-4 col-sm-6 col-xs-12 pt-cv-content-item pt-cv-1-col\" ><div class='pt-cv-ifield'><a href=\"https:\/\/muzeumintermedii.sk\/en\/hatto-1994\/\" class=\"_self pt-cv-href-thumbnail pt-cv-thumb-default\" target=\"_self\" ><img loading=\"lazy\" decoding=\"async\" width=\"300\" height=\"200\" src=\"https:\/\/muzeumintermedii.sk\/wp-content\/uploads\/2017\/05\/CelkovyZaberMiestnost1b-300x200.jpg\" class=\"pt-cv-thumbnail\" alt=\"\" srcset=\"https:\/\/muzeumintermedii.sk\/wp-content\/uploads\/2017\/05\/CelkovyZaberMiestnost1b-300x200.jpg 300w, https:\/\/muzeumintermedii.sk\/wp-content\/uploads\/2017\/05\/CelkovyZaberMiestnost1b-768x510.jpg 768w, https:\/\/muzeumintermedii.sk\/wp-content\/uploads\/2017\/05\/CelkovyZaberMiestnost1b.jpg 1920w\" sizes=\"auto, (max-width: 300px) 100vw, 300px\" \/><\/a>\n<h4 class=\"pt-cv-title\"><a href=\"https:\/\/muzeumintermedii.sk\/en\/hatto-1994\/\" class=\"_self\" target=\"_self\" >Laco Teren &#8211; Hatto, 1994<\/a><\/h4><\/div><\/div>\n<div class=\"col-md-4 col-sm-6 col-xs-12 pt-cv-content-item pt-cv-1-col\" ><div class='pt-cv-ifield'><a href=\"https:\/\/muzeumintermedii.sk\/en\/koncert-pre-cinely-a-prsia-1993-1994\/\" class=\"_self pt-cv-href-thumbnail pt-cv-thumb-default\" target=\"_self\" ><img loading=\"lazy\" decoding=\"async\" width=\"300\" height=\"200\" src=\"https:\/\/muzeumintermedii.sk\/wp-content\/uploads\/2017\/05\/Zelibska-300x200.jpg\" class=\"pt-cv-thumbnail\" alt=\"\" \/><\/a>\n<h4 class=\"pt-cv-title\"><a href=\"https:\/\/muzeumintermedii.sk\/en\/koncert-pre-cinely-a-prsia-1993-1994\/\" class=\"_self\" target=\"_self\" >Jana \u017delibsk\u00e1 &#8211; Concert for Cymbals and \u201cBreasts\u201d, 1993 &#8211; 1994<\/a><\/h4><\/div><\/div><\/div><\/div><\/div><\/p>","protected":false},"excerpt":{"rendered":"<p>The First Museum of Intermedia I (2012 \u2013 2017) Versions of neo-conceptual art, gender, and corporality Authors of works: Simona Bub\u00e1nov\u00e1 Pavl\u00edna Fichta \u010cierna Denisa Lehock\u00e1 Karol Pichler Boris Ondrei\u010dka&#8230; <span class=\"more-link\"><a href=\"https:\/\/muzeumintermedii.sk\/en\/prve-muzeum-intermedii-i\/\">\u010c\u00edta\u0165 viac<\/a><\/span><\/p>\n","protected":false},"author":1,"featured_media":303,"parent":0,"menu_order":0,"comment_status":"closed","ping_status":"closed","template":"","meta":{"footnotes":""},"class_list":["post-13","page","type-page","status-publish","has-post-thumbnail","hentry"],"_links":{"self":[{"href":"https:\/\/muzeumintermedii.sk\/en\/wp-json\/wp\/v2\/pages\/13","targetHints":{"allow":["GET"]}}],"collection":[{"href":"https:\/\/muzeumintermedii.sk\/en\/wp-json\/wp\/v2\/pages"}],"about":[{"href":"https:\/\/muzeumintermedii.sk\/en\/wp-json\/wp\/v2\/types\/page"}],"author":[{"embeddable":true,"href":"https:\/\/muzeumintermedii.sk\/en\/wp-json\/wp\/v2\/users\/1"}],"replies":[{"embeddable":true,"href":"https:\/\/muzeumintermedii.sk\/en\/wp-json\/wp\/v2\/comments?post=13"}],"version-history":[{"count":21,"href":"https:\/\/muzeumintermedii.sk\/en\/wp-json\/wp\/v2\/pages\/13\/revisions"}],"predecessor-version":[{"id":897,"href":"https:\/\/muzeumintermedii.sk\/en\/wp-json\/wp\/v2\/pages\/13\/revisions\/897"}],"wp:featuredmedia":[{"embeddable":true,"href":"https:\/\/muzeumintermedii.sk\/en\/wp-json\/wp\/v2\/media\/303"}],"wp:attachment":[{"href":"https:\/\/muzeumintermedii.sk\/en\/wp-json\/wp\/v2\/media?parent=13"}],"curies":[{"name":"wp","href":"https:\/\/api.w.org\/{rel}","templated":true}]}}